{"id":49,"date":"2020-05-05T23:03:31","date_gmt":"2020-05-06T04:03:31","guid":{"rendered":"https:\/\/vehigrupo.com\/vitrinavirtual\/?page_id=49"},"modified":"2024-03-18T16:15:18","modified_gmt":"2024-03-18T21:15:18","slug":"nosotros","status":"publish","type":"page","link":"https:\/\/vehigrupo.com\/vitrinavirtual\/nosotros\/","title":{"rendered":"Nosotros"},"content":{"rendered":"\n<p>En Vehigrupo originamos de manera exclusiva los <strong>cr\u00e9ditos de veh\u00edculo para el Banco Caja Social. <\/strong>Nuestra finalidad es hacer posible su sue\u00f1o de adquirir un veh\u00edculo propio con <strong>las condiciones financieras ideales,  de forma \u00e1gil y segura.<\/strong><\/p>\n\n\n<div class=\"wp-block-image\">\n<figure class=\"aligncenter size-large\"><img loading=\"lazy\" decoding=\"async\" width=\"800\" height=\"385\" src=\"https:\/\/vehigrupo.com\/vitrinavirtual\/wp-content\/uploads\/2020\/05\/shutterstock_386720758-min2.jpg\" alt=\"\" class=\"wp-image-149\" srcset=\"https:\/\/vehigrupo.com\/vitrinavirtual\/wp-content\/uploads\/2020\/05\/shutterstock_386720758-min2.jpg 800w, https:\/\/vehigrupo.com\/vitrinavirtual\/wp-content\/uploads\/2020\/05\/shutterstock_386720758-min2-600x289.jpg 600w, https:\/\/vehigrupo.com\/vitrinavirtual\/wp-content\/uploads\/2020\/05\/shutterstock_386720758-min2-64x31.jpg 64w, https:\/\/vehigrupo.com\/vitrinavirtual\/wp-content\/uploads\/2020\/05\/shutterstock_386720758-min2-300x144.jpg 300w, https:\/\/vehigrupo.com\/vitrinavirtual\/wp-content\/uploads\/2020\/05\/shutterstock_386720758-min2-768x370.jpg 768w\" sizes=\"auto, (max-width: 800px) 100vw, 800px\" \/><\/figure>\n<\/div>\n\n\n<h6 class=\"wp-block-heading\">BENEFICIOS EXCLUSIVOS PARA NUESTRA VITRINA VIRTUAL: Queremos aventurarnos en el futuro junto a usted, por eso hemos creado este portal, donde<strong> encontrar\u00e1 beneficios \u00fanicos en nuestra financiaci\u00f3n<\/strong>, junto con los que siempre hemos tenido para usted, de manera que pueda <strong>adquirir una excelente financiaci\u00f3n.<\/strong><\/h6>\n\n\n\n<h6 class=\"wp-block-heading\">ESTUDIO DE CR\u00c9DITO SIN DOCUMENTOS: Ahora, <strong>\u00fanicamente con su c\u00e9dula,<\/strong> podremos analizar su perfil financiero para aprobar su cr\u00e9dito. <strong>As\u00ed de f\u00e1cil y r\u00e1pido.<\/strong> Este beneficio aplica para Prestadores de Servicios, Asalariados Formales y Profesionales Independientes.<\/h6>\n\n\n<div class=\"wp-block-image\">\n<figure class=\"aligncenter size-large\"><img loading=\"lazy\" decoding=\"async\" width=\"726\" height=\"361\" src=\"https:\/\/vehigrupo.com\/vitrinavirtual\/wp-content\/uploads\/2020\/05\/shutterstock_386720758-min2tttt-min.jpg\" alt=\"\" class=\"wp-image-153\" srcset=\"https:\/\/vehigrupo.com\/vitrinavirtual\/wp-content\/uploads\/2020\/05\/shutterstock_386720758-min2tttt-min.jpg 726w, https:\/\/vehigrupo.com\/vitrinavirtual\/wp-content\/uploads\/2020\/05\/shutterstock_386720758-min2tttt-min-600x298.jpg 600w, https:\/\/vehigrupo.com\/vitrinavirtual\/wp-content\/uploads\/2020\/05\/shutterstock_386720758-min2tttt-min-64x32.jpg 64w, https:\/\/vehigrupo.com\/vitrinavirtual\/wp-content\/uploads\/2020\/05\/shutterstock_386720758-min2tttt-min-300x149.jpg 300w\" sizes=\"auto, (max-width: 726px) 100vw, 726px\" \/><\/figure>\n<\/div>\n\n\n<h6 class=\"wp-block-heading\">ASESOR\u00cdA EN LINEA: Al llenar nuestra solicitud de contacto, <strong>uno de nuestros asesores expertos le llamar\u00e1<\/strong> para explicarle detalladamente todos los beneficios que obtendr\u00e1 al financiar su veh\u00edculo con nosotros. Le brindaremos informaci\u00f3n clara y transparente, que <strong>le permitir\u00e1 tomar la mejor decisi\u00f3n financiera para usted.<\/strong><\/h6>\n\n\n\n<h6 class=\"wp-block-heading\">TASA FIJA Y CUOTA FIJA: Usted <strong>nunca ver\u00e1 un aumento en los intereses de su cr\u00e9dito<\/strong>, y su cuota conservar\u00e1 el mismo valor durante el tiempo pactado inicialmente.<\/h6>\n\n\n\n<p><\/p>\n\n\n\n<h6 class=\"wp-block-heading\">APROBACI\u00d3N SIN EXPERIENCIA FINANCIERA: No importa si no tiene experiencia previa*, nosotros realizaremos un estudio de su perfil <strong>\u00a1Empiece su vida crediticia con nosotros!<\/strong><\/h6>\n\n\n<div class=\"wp-block-image\">\n<figure class=\"aligncenter size-large\"><img loading=\"lazy\" decoding=\"async\" width=\"726\" height=\"385\" src=\"https:\/\/vehigrupo.com\/vitrinavirtual\/wp-content\/uploads\/2020\/05\/shutterstock_386720758-min2444-min.jpg\" alt=\"\" class=\"wp-image-152\" srcset=\"https:\/\/vehigrupo.com\/vitrinavirtual\/wp-content\/uploads\/2020\/05\/shutterstock_386720758-min2444-min.jpg 726w, https:\/\/vehigrupo.com\/vitrinavirtual\/wp-content\/uploads\/2020\/05\/shutterstock_386720758-min2444-min-600x318.jpg 600w, https:\/\/vehigrupo.com\/vitrinavirtual\/wp-content\/uploads\/2020\/05\/shutterstock_386720758-min2444-min-64x34.jpg 64w, https:\/\/vehigrupo.com\/vitrinavirtual\/wp-content\/uploads\/2020\/05\/shutterstock_386720758-min2444-min-300x159.jpg 300w\" sizes=\"auto, (max-width: 726px) 100vw, 726px\" \/><\/figure>\n<\/div>\n\n\n<p class=\"has-medium-font-size\"><\/p>\n\n\n\n<p><\/p>\n","protected":false},"excerpt":{"rendered":"<p>En Vehigrupo originamos de manera exclusiva los cr\u00e9ditos de veh\u00edculo para el Banco Caja Social. Nuestra finalidad es hacer posible su sue\u00f1o de adquirir un veh\u00edculo propio con las condiciones financieras ideales, de forma \u00e1gil y segura. BENEFICIOS EXCLUSIVOS PARA NUESTRA VITRINA VIRTUAL: Queremos aventurarnos en el futuro junto a usted, por eso hemos creado &#8230; <a title=\"Nosotros\" class=\"read-more\" href=\"https:\/\/vehigrupo.com\/vitrinavirtual\/nosotros\/\" aria-label=\"Leer m\u00e1s sobre Nosotros\">Leer m\u00e1s<\/a><\/p>\n","protected":false},"author":1,"featured_media":0,"parent":0,"menu_order":0,"comment_status":"closed","ping_status":"closed","template":"","meta":{"_acf_changed":false,"footnotes":""},"class_list":["post-49","page","type-page","status-publish"],"acf":[],"yoast_head":"<!-- This site is optimized with the Yoast SEO plugin v27.3 - https:\/\/yoast.com\/product\/yoast-seo-wordpress\/ -->\n<title>Nosotros - Vitrina Virtual Vehigrupo<\/title>\n<meta name=\"robots\" content=\"index, follow, max-snippet:-1, max-image-preview:large, max-video-preview:-1\" \/>\n<link rel=\"canonical\" href=\"https:\/\/vehigrupo.com\/vitrinavirtual\/nosotros\/\" \/>\n<meta property=\"og:locale\" content=\"es_ES\" \/>\n<meta property=\"og:type\" content=\"article\" \/>\n<meta property=\"og:title\" content=\"Nosotros - Vitrina Virtual Vehigrupo\" \/>\n<meta property=\"og:description\" content=\"En Vehigrupo originamos de manera exclusiva los cr\u00e9ditos de veh\u00edculo para el Banco Caja Social. Nuestra finalidad es hacer posible su sue\u00f1o de adquirir un veh\u00edculo propio con las condiciones financieras ideales, de forma \u00e1gil y segura. BENEFICIOS EXCLUSIVOS PARA NUESTRA VITRINA VIRTUAL: Queremos aventurarnos en el futuro junto a usted, por eso hemos creado ... Leer m\u00e1s\" \/>\n<meta property=\"og:url\" content=\"https:\/\/vehigrupo.com\/vitrinavirtual\/nosotros\/\" \/>\n<meta property=\"og:site_name\" content=\"Vitrina Virtual Vehigrupo\" \/>\n<meta property=\"article:modified_time\" content=\"2024-03-18T21:15:18+00:00\" \/>\n<meta property=\"og:image\" content=\"https:\/\/vehigrupo.com\/vitrinavirtual\/wp-content\/uploads\/2020\/05\/shutterstock_386720758-min2.jpg\" \/>\n\t<meta property=\"og:image:width\" content=\"800\" \/>\n\t<meta property=\"og:image:height\" content=\"385\" \/>\n\t<meta property=\"og:image:type\" content=\"image\/jpeg\" \/>\n<meta name=\"twitter:card\" content=\"summary_large_image\" \/>\n<meta name=\"twitter:label1\" content=\"Tiempo de lectura\" \/>\n\t<meta name=\"twitter:data1\" content=\"1 minuto\" \/>\n<script type=\"application\/ld+json\" class=\"yoast-schema-graph\">{\"@context\":\"https:\\\/\\\/schema.org\",\"@graph\":[{\"@type\":\"WebPage\",\"@id\":\"https:\\\/\\\/vehigrupo.com\\\/vitrinavirtual\\\/nosotros\\\/\",\"url\":\"https:\\\/\\\/vehigrupo.com\\\/vitrinavirtual\\\/nosotros\\\/\",\"name\":\"Nosotros - Vitrina Virtual Vehigrupo\",\"isPartOf\":{\"@id\":\"https:\\\/\\\/vehigrupo.com\\\/vitrinavirtual\\\/#website\"},\"primaryImageOfPage\":{\"@id\":\"https:\\\/\\\/vehigrupo.com\\\/vitrinavirtual\\\/nosotros\\\/#primaryimage\"},\"image\":{\"@id\":\"https:\\\/\\\/vehigrupo.com\\\/vitrinavirtual\\\/nosotros\\\/#primaryimage\"},\"thumbnailUrl\":\"https:\\\/\\\/vehigrupo.com\\\/vitrinavirtual\\\/wp-content\\\/uploads\\\/2020\\\/05\\\/shutterstock_386720758-min2.jpg\",\"datePublished\":\"2020-05-06T04:03:31+00:00\",\"dateModified\":\"2024-03-18T21:15:18+00:00\",\"breadcrumb\":{\"@id\":\"https:\\\/\\\/vehigrupo.com\\\/vitrinavirtual\\\/nosotros\\\/#breadcrumb\"},\"inLanguage\":\"es\",\"potentialAction\":[{\"@type\":\"ReadAction\",\"target\":[\"https:\\\/\\\/vehigrupo.com\\\/vitrinavirtual\\\/nosotros\\\/\"]}]},{\"@type\":\"ImageObject\",\"inLanguage\":\"es\",\"@id\":\"https:\\\/\\\/vehigrupo.com\\\/vitrinavirtual\\\/nosotros\\\/#primaryimage\",\"url\":\"https:\\\/\\\/vehigrupo.com\\\/vitrinavirtual\\\/wp-content\\\/uploads\\\/2020\\\/05\\\/shutterstock_386720758-min2.jpg\",\"contentUrl\":\"https:\\\/\\\/vehigrupo.com\\\/vitrinavirtual\\\/wp-content\\\/uploads\\\/2020\\\/05\\\/shutterstock_386720758-min2.jpg\",\"width\":800,\"height\":385},{\"@type\":\"BreadcrumbList\",\"@id\":\"https:\\\/\\\/vehigrupo.com\\\/vitrinavirtual\\\/nosotros\\\/#breadcrumb\",\"itemListElement\":[{\"@type\":\"ListItem\",\"position\":1,\"name\":\"Portada\",\"item\":\"https:\\\/\\\/vehigrupo.com\\\/vitrinavirtual\\\/\"},{\"@type\":\"ListItem\",\"position\":2,\"name\":\"Nosotros\"}]},{\"@type\":\"WebSite\",\"@id\":\"https:\\\/\\\/vehigrupo.com\\\/vitrinavirtual\\\/#website\",\"url\":\"https:\\\/\\\/vehigrupo.com\\\/vitrinavirtual\\\/\",\"name\":\"Vitrina Virtual Vehigrupo\",\"description\":\"Cr\u00e9dito Especializado en Veh\u00edculos y Seguros\",\"publisher\":{\"@id\":\"https:\\\/\\\/vehigrupo.com\\\/vitrinavirtual\\\/#organization\"},\"potentialAction\":[{\"@type\":\"SearchAction\",\"target\":{\"@type\":\"EntryPoint\",\"urlTemplate\":\"https:\\\/\\\/vehigrupo.com\\\/vitrinavirtual\\\/?s={search_term_string}\"},\"query-input\":{\"@type\":\"PropertyValueSpecification\",\"valueRequired\":true,\"valueName\":\"search_term_string\"}}],\"inLanguage\":\"es\"},{\"@type\":\"Organization\",\"@id\":\"https:\\\/\\\/vehigrupo.com\\\/vitrinavirtual\\\/#organization\",\"name\":\"Vitrina Virtual Vehigrupo\",\"url\":\"https:\\\/\\\/vehigrupo.com\\\/vitrinavirtual\\\/\",\"logo\":{\"@type\":\"ImageObject\",\"inLanguage\":\"es\",\"@id\":\"https:\\\/\\\/vehigrupo.com\\\/vitrinavirtual\\\/#\\\/schema\\\/logo\\\/image\\\/\",\"url\":\"https:\\\/\\\/vehigrupo.com\\\/vitrinavirtual\\\/wp-content\\\/uploads\\\/2025\\\/10\\\/cropped-LOGO-VITRINA-ENCABEZADO-2.png\",\"contentUrl\":\"https:\\\/\\\/vehigrupo.com\\\/vitrinavirtual\\\/wp-content\\\/uploads\\\/2025\\\/10\\\/cropped-LOGO-VITRINA-ENCABEZADO-2.png\",\"width\":466,\"height\":73,\"caption\":\"Vitrina Virtual Vehigrupo\"},\"image\":{\"@id\":\"https:\\\/\\\/vehigrupo.com\\\/vitrinavirtual\\\/#\\\/schema\\\/logo\\\/image\\\/\"}}]}<\/script>\n<!-- \/ Yoast SEO plugin. -->","yoast_head_json":{"title":"Nosotros - Vitrina Virtual Vehigrupo","robots":{"index":"index","follow":"follow","max-snippet":"max-snippet:-1","max-image-preview":"max-image-preview:large","max-video-preview":"max-video-preview:-1"},"canonical":"https:\/\/vehigrupo.com\/vitrinavirtual\/nosotros\/","og_locale":"es_ES","og_type":"article","og_title":"Nosotros - Vitrina Virtual Vehigrupo","og_description":"En Vehigrupo originamos de manera exclusiva los cr\u00e9ditos de veh\u00edculo para el Banco Caja Social. Nuestra finalidad es hacer posible su sue\u00f1o de adquirir un veh\u00edculo propio con las condiciones financieras ideales, de forma \u00e1gil y segura. BENEFICIOS EXCLUSIVOS PARA NUESTRA VITRINA VIRTUAL: Queremos aventurarnos en el futuro junto a usted, por eso hemos creado ... Leer m\u00e1s","og_url":"https:\/\/vehigrupo.com\/vitrinavirtual\/nosotros\/","og_site_name":"Vitrina Virtual Vehigrupo","article_modified_time":"2024-03-18T21:15:18+00:00","og_image":[{"width":800,"height":385,"url":"https:\/\/vehigrupo.com\/vitrinavirtual\/wp-content\/uploads\/2020\/05\/shutterstock_386720758-min2.jpg","type":"image\/jpeg"}],"twitter_card":"summary_large_image","twitter_misc":{"Tiempo de lectura":"1 minuto"},"schema":{"@context":"https:\/\/schema.org","@graph":[{"@type":"WebPage","@id":"https:\/\/vehigrupo.com\/vitrinavirtual\/nosotros\/","url":"https:\/\/vehigrupo.com\/vitrinavirtual\/nosotros\/","name":"Nosotros - Vitrina Virtual Vehigrupo","isPartOf":{"@id":"https:\/\/vehigrupo.com\/vitrinavirtual\/#website"},"primaryImageOfPage":{"@id":"https:\/\/vehigrupo.com\/vitrinavirtual\/nosotros\/#primaryimage"},"image":{"@id":"https:\/\/vehigrupo.com\/vitrinavirtual\/nosotros\/#primaryimage"},"thumbnailUrl":"https:\/\/vehigrupo.com\/vitrinavirtual\/wp-content\/uploads\/2020\/05\/shutterstock_386720758-min2.jpg","datePublished":"2020-05-06T04:03:31+00:00","dateModified":"2024-03-18T21:15:18+00:00","breadcrumb":{"@id":"https:\/\/vehigrupo.com\/vitrinavirtual\/nosotros\/#breadcrumb"},"inLanguage":"es","potentialAction":[{"@type":"ReadAction","target":["https:\/\/vehigrupo.com\/vitrinavirtual\/nosotros\/"]}]},{"@type":"ImageObject","inLanguage":"es","@id":"https:\/\/vehigrupo.com\/vitrinavirtual\/nosotros\/#primaryimage","url":"https:\/\/vehigrupo.com\/vitrinavirtual\/wp-content\/uploads\/2020\/05\/shutterstock_386720758-min2.jpg","contentUrl":"https:\/\/vehigrupo.com\/vitrinavirtual\/wp-content\/uploads\/2020\/05\/shutterstock_386720758-min2.jpg","width":800,"height":385},{"@type":"BreadcrumbList","@id":"https:\/\/vehigrupo.com\/vitrinavirtual\/nosotros\/#breadcrumb","itemListElement":[{"@type":"ListItem","position":1,"name":"Portada","item":"https:\/\/vehigrupo.com\/vitrinavirtual\/"},{"@type":"ListItem","position":2,"name":"Nosotros"}]},{"@type":"WebSite","@id":"https:\/\/vehigrupo.com\/vitrinavirtual\/#website","url":"https:\/\/vehigrupo.com\/vitrinavirtual\/","name":"Vitrina Virtual Vehigrupo","description":"Cr\u00e9dito Especializado en Veh\u00edculos y Seguros","publisher":{"@id":"https:\/\/vehigrupo.com\/vitrinavirtual\/#organization"},"potentialAction":[{"@type":"SearchAction","target":{"@type":"EntryPoint","urlTemplate":"https:\/\/vehigrupo.com\/vitrinavirtual\/?s={search_term_string}"},"query-input":{"@type":"PropertyValueSpecification","valueRequired":true,"valueName":"search_term_string"}}],"inLanguage":"es"},{"@type":"Organization","@id":"https:\/\/vehigrupo.com\/vitrinavirtual\/#organization","name":"Vitrina Virtual Vehigrupo","url":"https:\/\/vehigrupo.com\/vitrinavirtual\/","logo":{"@type":"ImageObject","inLanguage":"es","@id":"https:\/\/vehigrupo.com\/vitrinavirtual\/#\/schema\/logo\/image\/","url":"https:\/\/vehigrupo.com\/vitrinavirtual\/wp-content\/uploads\/2025\/10\/cropped-LOGO-VITRINA-ENCABEZADO-2.png","contentUrl":"https:\/\/vehigrupo.com\/vitrinavirtual\/wp-content\/uploads\/2025\/10\/cropped-LOGO-VITRINA-ENCABEZADO-2.png","width":466,"height":73,"caption":"Vitrina Virtual Vehigrupo"},"image":{"@id":"https:\/\/vehigrupo.com\/vitrinavirtual\/#\/schema\/logo\/image\/"}}]}},"_links":{"self":[{"href":"https:\/\/vehigrupo.com\/vitrinavirtual\/wp-json\/wp\/v2\/pages\/49","targetHints":{"allow":["GET"]}}],"collection":[{"href":"https:\/\/vehigrupo.com\/vitrinavirtual\/wp-json\/wp\/v2\/pages"}],"about":[{"href":"https:\/\/vehigrupo.com\/vitrinavirtual\/wp-json\/wp\/v2\/types\/page"}],"author":[{"embeddable":true,"href":"https:\/\/vehigrupo.com\/vitrinavirtual\/wp-json\/wp\/v2\/users\/1"}],"replies":[{"embeddable":true,"href":"https:\/\/vehigrupo.com\/vitrinavirtual\/wp-json\/wp\/v2\/comments?post=49"}],"version-history":[{"count":9,"href":"https:\/\/vehigrupo.com\/vitrinavirtual\/wp-json\/wp\/v2\/pages\/49\/revisions"}],"predecessor-version":[{"id":3478,"href":"https:\/\/vehigrupo.com\/vitrinavirtual\/wp-json\/wp\/v2\/pages\/49\/revisions\/3478"}],"wp:attachment":[{"href":"https:\/\/vehigrupo.com\/vitrinavirtual\/wp-json\/wp\/v2\/media?parent=49"}],"curies":[{"name":"wp","href":"https:\/\/api.w.org\/{rel}","templated":true}]}}