{"id":3485,"date":"2024-03-27T08:02:14","date_gmt":"2024-03-27T13:02:14","guid":{"rendered":"https:\/\/vehigrupo.com\/vitrinavirtual\/?page_id=3485"},"modified":"2024-03-27T08:03:14","modified_gmt":"2024-03-27T13:03:14","slug":"tyc","status":"publish","type":"page","link":"https:\/\/vehigrupo.com\/vitrinavirtual\/tyc\/","title":{"rendered":"T\u00e9rminos y Condiciones de la Vitrina Virtual"},"content":{"rendered":"\n<p>Los veh\u00edculos, el precio, la disponibilidad y los beneficios aqu\u00ed publicados son actualizados mensualmente y corresponden a un conjunto de acciones comerciales ofrecidos por nuestros concesionarios aliados, sin embargo, la disponibilidad, el precio y los beneficios de los veh\u00edculos est\u00e1 sujeta al inventario del concesionario aliado de Vehigrupo S.A.S. <\/p>\n\n\n\n<p>Las fotograf\u00edas son ilustrativas y pueden no coincidir con los productos exhibidos en concesionarios, las versiones comercializadas en Colombia pueden variar en colores y accesorios seg\u00fan las distintas versiones. El beneficio que otorga Vehigrupo S.A.S. corresponde al 2,5% sobre el valor de la financiaci\u00f3n. Este beneficio puede ser redimido en un bono para usarlo en los gastos de matr\u00edcula, como parte de pago del veh\u00edculo o en accesorios que el cliente desee adquirir directamente con el concesionario de compra. Las acciones o beneficios presentes en esta oferta comercial aplican s\u00f3lo si el veh\u00edculo es financiado con Vehigrupo S.A.S., a trav\u00e9s de la Vitrina Virtual de Vehigrupo. <\/p>\n\n\n\n<p>Aplica condiciones y restricciones de la entidad originadora del cr\u00e9dito Vehigrupo S.A.S al realizar el estudio del cr\u00e9dito. Financiaci\u00f3n para autom\u00f3viles nuevos, de uso particular h\u00edbridos, el\u00e9ctricos o de gasolina; as\u00ed como usados particulares o de uso p\u00fablico. Se ofrece financiaci\u00f3n hasta del 100% con plazo m\u00e1ximo de aprobaci\u00f3n hasta de 84 meses, sujeto al tipo y modelo de veh\u00edculo a financiar y a las condiciones generales del cliente. El cr\u00e9dito aplica a veh\u00edculos cuyo modelo no exceda los 9 a\u00f1os de antig\u00fcedad. Aprobaci\u00f3n sin experiencia financiera, sujeta a la evaluaci\u00f3n del perfil del cliente. La tasa de inter\u00e9s aplicable al cr\u00e9dito se determina conforme al perfil crediticio del cliente. <\/p>\n\n\n\n<p>El estudio de cr\u00e9dito sin documentos depende de las caracter\u00edsticas particulares de la actividad econ\u00f3mica de la persona, siempre y cuando sus condiciones de ingresos se puedan validar en las bases contratadas por Vehigrupo S.A.S con el fin de verificar la capacidad de pago. Vehigrupo S.A.S. se reserva los criterios para determinar si es necesario solicitar mayor documentaci\u00f3n para realizar el estudio del cr\u00e9dito. El estudio de cr\u00e9dito sin documentos aplica solo para perfiles Asalariados Formales. El sistema de amortizaci\u00f3n utilizado por Vehigrupo S.A.S. es Tasa fija- Cuota Fija. Vehigrupo es el originador de cr\u00e9ditos de veh\u00edculo exclusivo para el Banco Caja Social.<\/p>\n\n\n\n<p class=\"has-medium-font-size\"><\/p>\n\n\n\n<p><\/p>\n","protected":false},"excerpt":{"rendered":"<p>Los veh\u00edculos, el precio, la disponibilidad y los beneficios aqu\u00ed publicados son actualizados mensualmente y corresponden a un conjunto de acciones comerciales ofrecidos por nuestros concesionarios aliados, sin embargo, la disponibilidad, el precio y los beneficios de los veh\u00edculos est\u00e1 sujeta al inventario del concesionario aliado de Vehigrupo S.A.S. Las fotograf\u00edas son ilustrativas y pueden &#8230; <a title=\"T\u00e9rminos y Condiciones de la Vitrina Virtual\" class=\"read-more\" href=\"https:\/\/vehigrupo.com\/vitrinavirtual\/tyc\/\" aria-label=\"Leer m\u00e1s sobre T\u00e9rminos y Condiciones de la Vitrina Virtual\">Leer m\u00e1s<\/a><\/p>\n","protected":false},"author":1,"featured_media":0,"parent":0,"menu_order":0,"comment_status":"closed","ping_status":"closed","template":"","meta":{"_acf_changed":false,"footnotes":""},"class_list":["post-3485","page","type-page","status-publish"],"acf":[],"yoast_head":"<!-- This site is optimized with the Yoast SEO plugin v27.3 - https:\/\/yoast.com\/product\/yoast-seo-wordpress\/ -->\n<title>T\u00e9rminos y Condiciones de la Vitrina Virtual - Vitrina Virtual Vehigrupo<\/title>\n<meta name=\"robots\" content=\"index, follow, max-snippet:-1, max-image-preview:large, max-video-preview:-1\" \/>\n<link rel=\"canonical\" href=\"https:\/\/vehigrupo.com\/vitrinavirtual\/tyc\/\" \/>\n<meta property=\"og:locale\" content=\"es_ES\" \/>\n<meta property=\"og:type\" content=\"article\" \/>\n<meta property=\"og:title\" content=\"T\u00e9rminos y Condiciones de la Vitrina Virtual - Vitrina Virtual Vehigrupo\" \/>\n<meta property=\"og:description\" content=\"Los veh\u00edculos, el precio, la disponibilidad y los beneficios aqu\u00ed publicados son actualizados mensualmente y corresponden a un conjunto de acciones comerciales ofrecidos por nuestros concesionarios aliados, sin embargo, la disponibilidad, el precio y los beneficios de los veh\u00edculos est\u00e1 sujeta al inventario del concesionario aliado de Vehigrupo S.A.S. Las fotograf\u00edas son ilustrativas y pueden ... Leer m\u00e1s\" \/>\n<meta property=\"og:url\" content=\"https:\/\/vehigrupo.com\/vitrinavirtual\/tyc\/\" \/>\n<meta property=\"og:site_name\" content=\"Vitrina Virtual Vehigrupo\" \/>\n<meta property=\"article:modified_time\" content=\"2024-03-27T13:03:14+00:00\" \/>\n<meta name=\"twitter:card\" content=\"summary_large_image\" \/>\n<meta name=\"twitter:label1\" content=\"Tiempo de lectura\" \/>\n\t<meta name=\"twitter:data1\" content=\"2 minutos\" \/>\n<script type=\"application\/ld+json\" class=\"yoast-schema-graph\">{\"@context\":\"https:\\\/\\\/schema.org\",\"@graph\":[{\"@type\":\"WebPage\",\"@id\":\"https:\\\/\\\/vehigrupo.com\\\/vitrinavirtual\\\/tyc\\\/\",\"url\":\"https:\\\/\\\/vehigrupo.com\\\/vitrinavirtual\\\/tyc\\\/\",\"name\":\"T\u00e9rminos y Condiciones de la Vitrina Virtual - Vitrina Virtual Vehigrupo\",\"isPartOf\":{\"@id\":\"https:\\\/\\\/vehigrupo.com\\\/vitrinavirtual\\\/#website\"},\"datePublished\":\"2024-03-27T13:02:14+00:00\",\"dateModified\":\"2024-03-27T13:03:14+00:00\",\"breadcrumb\":{\"@id\":\"https:\\\/\\\/vehigrupo.com\\\/vitrinavirtual\\\/tyc\\\/#breadcrumb\"},\"inLanguage\":\"es\",\"potentialAction\":[{\"@type\":\"ReadAction\",\"target\":[\"https:\\\/\\\/vehigrupo.com\\\/vitrinavirtual\\\/tyc\\\/\"]}]},{\"@type\":\"BreadcrumbList\",\"@id\":\"https:\\\/\\\/vehigrupo.com\\\/vitrinavirtual\\\/tyc\\\/#breadcrumb\",\"itemListElement\":[{\"@type\":\"ListItem\",\"position\":1,\"name\":\"Portada\",\"item\":\"https:\\\/\\\/vehigrupo.com\\\/vitrinavirtual\\\/\"},{\"@type\":\"ListItem\",\"position\":2,\"name\":\"T\u00e9rminos y Condiciones de la Vitrina Virtual\"}]},{\"@type\":\"WebSite\",\"@id\":\"https:\\\/\\\/vehigrupo.com\\\/vitrinavirtual\\\/#website\",\"url\":\"https:\\\/\\\/vehigrupo.com\\\/vitrinavirtual\\\/\",\"name\":\"Vitrina Virtual Vehigrupo\",\"description\":\"Cr\u00e9dito Especializado en Veh\u00edculos y Seguros\",\"publisher\":{\"@id\":\"https:\\\/\\\/vehigrupo.com\\\/vitrinavirtual\\\/#organization\"},\"potentialAction\":[{\"@type\":\"SearchAction\",\"target\":{\"@type\":\"EntryPoint\",\"urlTemplate\":\"https:\\\/\\\/vehigrupo.com\\\/vitrinavirtual\\\/?s={search_term_string}\"},\"query-input\":{\"@type\":\"PropertyValueSpecification\",\"valueRequired\":true,\"valueName\":\"search_term_string\"}}],\"inLanguage\":\"es\"},{\"@type\":\"Organization\",\"@id\":\"https:\\\/\\\/vehigrupo.com\\\/vitrinavirtual\\\/#organization\",\"name\":\"Vitrina Virtual Vehigrupo\",\"url\":\"https:\\\/\\\/vehigrupo.com\\\/vitrinavirtual\\\/\",\"logo\":{\"@type\":\"ImageObject\",\"inLanguage\":\"es\",\"@id\":\"https:\\\/\\\/vehigrupo.com\\\/vitrinavirtual\\\/#\\\/schema\\\/logo\\\/image\\\/\",\"url\":\"https:\\\/\\\/vehigrupo.com\\\/vitrinavirtual\\\/wp-content\\\/uploads\\\/2025\\\/10\\\/cropped-LOGO-VITRINA-ENCABEZADO-2.png\",\"contentUrl\":\"https:\\\/\\\/vehigrupo.com\\\/vitrinavirtual\\\/wp-content\\\/uploads\\\/2025\\\/10\\\/cropped-LOGO-VITRINA-ENCABEZADO-2.png\",\"width\":466,\"height\":73,\"caption\":\"Vitrina Virtual Vehigrupo\"},\"image\":{\"@id\":\"https:\\\/\\\/vehigrupo.com\\\/vitrinavirtual\\\/#\\\/schema\\\/logo\\\/image\\\/\"}}]}<\/script>\n<!-- \/ Yoast SEO plugin. -->","yoast_head_json":{"title":"T\u00e9rminos y Condiciones de la Vitrina Virtual - Vitrina Virtual Vehigrupo","robots":{"index":"index","follow":"follow","max-snippet":"max-snippet:-1","max-image-preview":"max-image-preview:large","max-video-preview":"max-video-preview:-1"},"canonical":"https:\/\/vehigrupo.com\/vitrinavirtual\/tyc\/","og_locale":"es_ES","og_type":"article","og_title":"T\u00e9rminos y Condiciones de la Vitrina Virtual - Vitrina Virtual Vehigrupo","og_description":"Los veh\u00edculos, el precio, la disponibilidad y los beneficios aqu\u00ed publicados son actualizados mensualmente y corresponden a un conjunto de acciones comerciales ofrecidos por nuestros concesionarios aliados, sin embargo, la disponibilidad, el precio y los beneficios de los veh\u00edculos est\u00e1 sujeta al inventario del concesionario aliado de Vehigrupo S.A.S. Las fotograf\u00edas son ilustrativas y pueden ... Leer m\u00e1s","og_url":"https:\/\/vehigrupo.com\/vitrinavirtual\/tyc\/","og_site_name":"Vitrina Virtual Vehigrupo","article_modified_time":"2024-03-27T13:03:14+00:00","twitter_card":"summary_large_image","twitter_misc":{"Tiempo de lectura":"2 minutos"},"schema":{"@context":"https:\/\/schema.org","@graph":[{"@type":"WebPage","@id":"https:\/\/vehigrupo.com\/vitrinavirtual\/tyc\/","url":"https:\/\/vehigrupo.com\/vitrinavirtual\/tyc\/","name":"T\u00e9rminos y Condiciones de la Vitrina Virtual - Vitrina Virtual Vehigrupo","isPartOf":{"@id":"https:\/\/vehigrupo.com\/vitrinavirtual\/#website"},"datePublished":"2024-03-27T13:02:14+00:00","dateModified":"2024-03-27T13:03:14+00:00","breadcrumb":{"@id":"https:\/\/vehigrupo.com\/vitrinavirtual\/tyc\/#breadcrumb"},"inLanguage":"es","potentialAction":[{"@type":"ReadAction","target":["https:\/\/vehigrupo.com\/vitrinavirtual\/tyc\/"]}]},{"@type":"BreadcrumbList","@id":"https:\/\/vehigrupo.com\/vitrinavirtual\/tyc\/#breadcrumb","itemListElement":[{"@type":"ListItem","position":1,"name":"Portada","item":"https:\/\/vehigrupo.com\/vitrinavirtual\/"},{"@type":"ListItem","position":2,"name":"T\u00e9rminos y Condiciones de la Vitrina Virtual"}]},{"@type":"WebSite","@id":"https:\/\/vehigrupo.com\/vitrinavirtual\/#website","url":"https:\/\/vehigrupo.com\/vitrinavirtual\/","name":"Vitrina Virtual Vehigrupo","description":"Cr\u00e9dito Especializado en Veh\u00edculos y Seguros","publisher":{"@id":"https:\/\/vehigrupo.com\/vitrinavirtual\/#organization"},"potentialAction":[{"@type":"SearchAction","target":{"@type":"EntryPoint","urlTemplate":"https:\/\/vehigrupo.com\/vitrinavirtual\/?s={search_term_string}"},"query-input":{"@type":"PropertyValueSpecification","valueRequired":true,"valueName":"search_term_string"}}],"inLanguage":"es"},{"@type":"Organization","@id":"https:\/\/vehigrupo.com\/vitrinavirtual\/#organization","name":"Vitrina Virtual Vehigrupo","url":"https:\/\/vehigrupo.com\/vitrinavirtual\/","logo":{"@type":"ImageObject","inLanguage":"es","@id":"https:\/\/vehigrupo.com\/vitrinavirtual\/#\/schema\/logo\/image\/","url":"https:\/\/vehigrupo.com\/vitrinavirtual\/wp-content\/uploads\/2025\/10\/cropped-LOGO-VITRINA-ENCABEZADO-2.png","contentUrl":"https:\/\/vehigrupo.com\/vitrinavirtual\/wp-content\/uploads\/2025\/10\/cropped-LOGO-VITRINA-ENCABEZADO-2.png","width":466,"height":73,"caption":"Vitrina Virtual Vehigrupo"},"image":{"@id":"https:\/\/vehigrupo.com\/vitrinavirtual\/#\/schema\/logo\/image\/"}}]}},"_links":{"self":[{"href":"https:\/\/vehigrupo.com\/vitrinavirtual\/wp-json\/wp\/v2\/pages\/3485","targetHints":{"allow":["GET"]}}],"collection":[{"href":"https:\/\/vehigrupo.com\/vitrinavirtual\/wp-json\/wp\/v2\/pages"}],"about":[{"href":"https:\/\/vehigrupo.com\/vitrinavirtual\/wp-json\/wp\/v2\/types\/page"}],"author":[{"embeddable":true,"href":"https:\/\/vehigrupo.com\/vitrinavirtual\/wp-json\/wp\/v2\/users\/1"}],"replies":[{"embeddable":true,"href":"https:\/\/vehigrupo.com\/vitrinavirtual\/wp-json\/wp\/v2\/comments?post=3485"}],"version-history":[{"count":2,"href":"https:\/\/vehigrupo.com\/vitrinavirtual\/wp-json\/wp\/v2\/pages\/3485\/revisions"}],"predecessor-version":[{"id":3487,"href":"https:\/\/vehigrupo.com\/vitrinavirtual\/wp-json\/wp\/v2\/pages\/3485\/revisions\/3487"}],"wp:attachment":[{"href":"https:\/\/vehigrupo.com\/vitrinavirtual\/wp-json\/wp\/v2\/media?parent=3485"}],"curies":[{"name":"wp","href":"https:\/\/api.w.org\/{rel}","templated":true}]}}