{"id":1173,"date":"2021-06-09T15:26:52","date_gmt":"2021-06-09T20:26:52","guid":{"rendered":"https:\/\/vehigrupo.com\/vitrinavirtual\/?page_id=1173"},"modified":"2026-01-30T15:17:10","modified_gmt":"2026-01-30T20:17:10","slug":"usados","status":"publish","type":"page","link":"https:\/\/vehigrupo.com\/vitrinavirtual\/usados\/","title":{"rendered":"Financiaci\u00f3n para Veh\u00edculos Usados"},"content":{"rendered":"\n<p><strong>*Vehigrupo no realiza la venta de los veh\u00edculos, ofrecemos exclusivamente la financiaci\u00f3n.<\/strong><\/p>\n\n\n\n<div class=\"wp-block-columns is-layout-flex wp-container-core-columns-is-layout-9d6595d7 wp-block-columns-is-layout-flex\">\n<div class=\"wp-block-column is-layout-flow wp-block-column-is-layout-flow\" style=\"flex-basis:100%\"><\/div>\n<\/div>\n\n\n\n<div class=\"usadosbig\">\n <!--<div class=\"icononosplus\"> <\/div>-->\n  <div>\n <img decoding=\"async\" style=\"width: 600px;\" src=\"https:\/\/vehigrupo.com\/vitrinavirtual\/wp-content\/uploads\/2026\/01\/Bono-Regalo-pagina-usados.png\" \/>\n                  \n<\/div>\n\n                  \n\n<\/div>\n\n\n\n<!-- Captcha -->\n    <script src=\"https:\/\/www.google.com\/recaptcha\/api.js?render=6Lfwt4IqAAAAANLPdwOTyWAlzELPNwSVBZp_Ecv_\"><\/script>\n    <script>\n      function refreshRecaptchaToken() {\n        console.log('rt')\n        grecaptcha.ready(function () {\n          grecaptcha\n            .execute(\"6Lfwt4IqAAAAANLPdwOTyWAlzELPNwSVBZp_Ecv_\", { action: \"submit\" })\n            .then(function (token) {\n              document.getElementById(\"recaptcha-token\").value = token;\n            });\n        });\n      }\n\n      \/\/ Generar token inicial\n      refreshRecaptchaToken();\n\n      \/\/ Refrescar token cada 110 segundos (antes de los 120 segundos de expiraci\u00f3n)\n      setInterval(refreshRecaptchaToken, 110000);\n      \n    <\/script>\n<div class=\"smallboxusados\">\n\n\n    <h2><center>Cont\u00e1ctanos<\/center><\/h2>\n\n    <center><div class=\"textointro\">D\u00e9janos tus datos para comunicarnos lo m\u00e1s pronto.<\/div>\n    <div class=\"textointro\">Algunas condiciones de nuestro cr\u00e9dito:<br>\n        <p><strong>Carros usados particulares:<\/strong><br \/>1. Modelos 2017 y 2018 hasta el 80%, m&aacute;ximo a 60 meses<br \/>2. Modelos 2019 a 2024 hasta el 90%, m&aacute;ximo a 72 meses.<br \/>3. Modelos 2025 y 2026 en adelante hasta 100%, m&aacute;ximo a 84 meses<br \/><strong>Carros usados p&uacute;blicos:<\/strong><\/p>\n<p>Modelos 2025 en adelante hasta 90%, m&aacute;ximo a 72 meses<\/p>\n        \n<\/div><\/center>\n\n\n       \n\n\n\n\n\n<form name=\"test\" action=\"https:\/\/vehigrupo.com\/vitrinavirtual\/wp-content\/themes\/child\/procesar_formulario.php\" method=\"post\" accept-charset=\"utf-8\" enctype=\"multipart\/form-data\" class=\"simulador waitingusados\">\n    <input type=\"hidden\" name=\"publicid\" value=\"a924547b73178b49519fe926968b36ae\">\n    <input type=\"hidden\" name=\"name\" value=\"test\">\n    <input type=\"hidden\" name=\"g-recaptcha-response\" class=\"recaptcha-token\" id=\"recaptcha-token\">\n    <input type=\"hidden\" name=\"VTIGER_RECAPTCHA_PUBLIC_KEY\" value=\"6LeOmwwTAAAAAKMWsIF5CdBPmC5QfDQLHxZRGvit\">\n           \n\t\t   \t   \n            <!-- Car select start -->\n            <div class=\"fields camposimul cff-number-field\">\n\t\t   <label>Nombre completo<\/label>\n\t\t   <div class=\"dfield\">\n\t\t   <input name=\"accountname\" value=\"\" type=\"text\" required=\"\">\n\t\t   <\/div>\n\t\t   <div class=\"clearer\"><\/div>\n\t\t   <\/div>\n\t\t   \n\t\t   \n\t\t   \n\t\t   <div class=\"fields camposimul cff-number-field\">\n\t\t   <label>Celular<\/label>\n\t\t   <div class=\"dfield\">\n\t\t   <input name=\"cf_964\" value=\"\" type=\"number\" required=\"\">\n\t\t   <\/div>\n\t\t   <div class=\"clearer\"><\/div>\n\t\t   <\/div>\n\t\t   \n\t\t   \n\t\t     <div class=\"fields camposimul cff-number-field\">\n\t\t   <label>Correo electr\u00f3nico<\/label>\n\t\t   <div class=\"dfield\">\n\t\t   <input name=\"cf_962\" value=\"\" type=\"email\" required=\"\">\n\t\t   <\/div>\n\t\t   <div class=\"clearer\"><\/div>\n\t\t   <\/div>\n\n\n<div class=\"fields camposimul cff-number-field\">\n\t\t   <label>Edad<\/label>\n\t\t   <div class=\"dfield\">\n\t\t   <input name=\"edad\" value=\"\" type=\"text\" required=\"\">\n\t\t   <\/div>\n\t\t   <div class=\"clearer\"><\/div>\n\t\t   <\/div>\n\n\n\n\n\t\t   \n\t\t    <div class=\"fields camposimul cff-number-field\">\n\t\t   <label>Ciudad<\/label>\n\t\t   <div class=\"dfield\">\n\t\t   <input name=\"cf_976\" value=\"\" type=\"text\" required=\"\">\n\t\t   <\/div>\n\t\t   <div class=\"clearer\"><\/div>\n           <\/div>\n\n\n\n           <div class=\"fields camposimul cff-number-field\">\n            <label>Ingresos mensuales<\/label>\n            <div class=\"dfield\">\n            \n            <select name=\"cf_1287\" style=\"width: 100%;\" required=\"\">\n                <option value=\"\">Seleccione un rango<\/option>\n                  <option value=\"29\">Menos de $4.370.000<\/option>\n                  <option value=\"30\">$4.370.000 \u2013 $6.500.000<\/option>\n                  <option value=\"31\">m\u00e1s de $6.500.000<\/option>\n              <\/select>\n            <\/div>\n            <div class=\"clearer\"><\/div>\n            <\/div>\n          \n\n\n            <div class=\"fields camposimul cff-number-field\">\n                <label>Valor<\/label>\n                <div class=\"dfield\">\n                <input name=\"cf_1272\" value=\"\" type=\"text\" required=\"\">\n                <\/div>\n                <div class=\"clearer\"><\/div>\n                <\/div>\n\n\n\n\n            <div class=\"fields camposimul cff-number-field\">\n                    <label>Cuota Inicial<\/label>\n                    <div class=\"dfield\">\n                    <input name=\"cf_1274\" value=\"\" type=\"text\" required=\"\">\n                    <\/div>\n                    <div class=\"clearer\"><\/div>\n            <\/div>\n\n\n                   \n\n\n\n            <div class=\"fields camposimul cff-number-field\">\n                            <label>Marca y modelo<\/label>\n                            <div class=\"dfield\">\n                            <input name=\"cf_1234\" value=\"\" type=\"text\" required=\"\">\n                            <\/div>\n                            <div class=\"clearer\"><\/div>\n            <\/div>\n\n\n\t\t\t\n\t\t\t\n\t\t\t\t\n\t\t\t<div style=\"display:none;\">\n            \n            <select name=\"sales_stage\" hidden=\"\">\n                    <option value=\"\">Seleccionar Valor<\/option>\n                    <option value=\"Prospectos\" selected=\"\">Prospectos<\/option>\n                    <option value=\"A Consideracion\">A Consideracion<\/option>\n                    <option value=\"Documentos\">Documentos<\/option>\n                    <option value=\"Ejecutivo\">Ejecutivo<\/option>\n                    <option value=\"Propuesta\">Propuesta<\/option>\n                    <option value=\"En estudio\">En estudio<\/option>\n                    <option value=\"Closed Won\">Cerrada-Ganada<\/option>\n                    <option value=\"Closed Lost\">Cerrada-Perdida<\/option>\n                    <option value=\"prueba\">prueba<\/option>\n                <\/select>\n            \n\t\t\t <select name=\"leadsource\" hidden=\"\">\n                    <option value=\"\">Seleccionar Valor<\/option>\n                    <option value=\"Cold Call\">Llamada en fr\u00edo<\/option>\n                    <option value=\"Preferencial\">Preferencial<\/option>\n                    <option value=\"Word of mouth\">Referido<\/option>\n                    <option value=\"vitrina_virtual_usados\" selected=\"\">simulador<\/option>\n                    <option value=\"Trade Show\">Feria Comercial<\/option>\n                    <option value=\"Direct Mail\">Correo Directo<\/option>\n                    <option value=\"Partner\">Socio<\/option>\n                    <option value=\"Other\">Otro<\/option>\n                    <option value=\"landing-cali\">landing-cali<\/option>\n                    <option value=\"landing-bogota\">landing-bogota<\/option>\n                    <option value=\"landing-ejecafetero\">landing-ejecafetero<\/option>\n                    <option value=\"landing-medellin\">landing-medellin<\/option>\n                    <option value=\"facebook-cali\">facebook-cali<\/option>\n                    <option value=\"facebook-bogota\">facebook-bogota<\/option>\n                    <option value=\"facebook-ejecafetero\">facebook-ejecafetero<\/option>\n                    <option value=\"facebook-medellin\">facebook-medellin<\/option>\n                <\/select>\n\t\t\t \n\t\t\t <\/div>\n\t\t\t\n\t\t\t\n\t\t\t\n            <input type=\"hidden\" name=\"lastname\">\n            \n          \n           \n           \n\n\n           <input type=\"hidden\" name=\"potentialname\" value=\"vitrinavirtual usados\">\n            \n            <!-- Car select end -->\n\n           \n\n\n<p class=\"checktext\"><input type=\"checkbox\" style=\"margin:5px;border:2px solid #996633;\" name=\"check_privacy\" value=\"1\" required=\"\">\n     Autorizo a Vehigrupo S.A.S. para que el n\u00famero de celular y el correo electr\u00f3nico sean tratados para \n     contactarme y\/o enviarme la informaci\u00f3n relacionada con la simulaci\u00f3n del cr\u00e9dito de veh\u00edculo realizada.\n    <\/p>\n\n\n    <p class=\"linkpol\">\n\n        <a href=\"https:\/\/vehigrupo.com\/leydedatospersonales\/\" target=\"_blank\" rel=\"noopener noreferrer\">Click aqu\u00ed para leer nuestra pol\u00edtica de protecci\u00f3n de datos<\/a>\n\n    <\/p>\n            \n            \n            <div style=\"text-align: center;margin-top: 20px;\">\n            <input type=\"submit\" class=\"submit\" value=\"Estoy interesado\" style=\"background-color: #ed1b23;\">\n      <\/div>\n      \n\n          <\/form>\n\n\n\n\n\n\n\n\n        <\/div>\n\n\n\n<script>\n\n    jQuery(document).ready(function($){\n    $(\".waitingusados\").submit(function( event ){\n     $(\"#loading\").fadeIn();\n    });\n    });\n\n    <\/script>\n\n\n\n<script>\t\t\n    jQuery(document).ready(function($) {\n    \n        \n\n            $('input[name=\"accountname\"]').change(function() {\n    $('input[name=\"lastname\"]').val($(this).val());\n});\n\n\n\n\n});\n\n    <\/script>\n","protected":false},"excerpt":{"rendered":"<p>*Vehigrupo no realiza la venta de los veh\u00edculos, ofrecemos exclusivamente la financiaci\u00f3n. Cont\u00e1ctanos D\u00e9janos tus datos para comunicarnos lo m\u00e1s pronto. Algunas condiciones de nuestro cr\u00e9dito: Carros usados particulares:1. Modelos 2017 y 2018 hasta el 80%, m&aacute;ximo a 60 meses2. Modelos 2019 a 2024 hasta el 90%, m&aacute;ximo a 72 meses.3. Modelos 2025 y 2026 &#8230; <a title=\"Financiaci\u00f3n para Veh\u00edculos Usados\" class=\"read-more\" href=\"https:\/\/vehigrupo.com\/vitrinavirtual\/usados\/\" aria-label=\"Leer m\u00e1s sobre Financiaci\u00f3n para Veh\u00edculos Usados\">Leer m\u00e1s<\/a><\/p>\n","protected":false},"author":1,"featured_media":0,"parent":0,"menu_order":0,"comment_status":"closed","ping_status":"closed","template":"","meta":{"_acf_changed":false,"footnotes":""},"class_list":["post-1173","page","type-page","status-publish"],"acf":[],"yoast_head":"<!-- This site is optimized with the Yoast SEO plugin v27.3 - https:\/\/yoast.com\/product\/yoast-seo-wordpress\/ -->\n<title>Financiaci\u00f3n para Veh\u00edculos Usados - Vitrina Virtual Vehigrupo<\/title>\n<meta name=\"robots\" content=\"index, follow, max-snippet:-1, max-image-preview:large, max-video-preview:-1\" \/>\n<link rel=\"canonical\" href=\"https:\/\/vehigrupo.com\/vitrinavirtual\/usados\/\" \/>\n<meta property=\"og:locale\" content=\"es_ES\" \/>\n<meta property=\"og:type\" content=\"article\" \/>\n<meta property=\"og:title\" content=\"Financiaci\u00f3n para Veh\u00edculos Usados - Vitrina Virtual Vehigrupo\" \/>\n<meta property=\"og:description\" content=\"*Vehigrupo no realiza la venta de los veh\u00edculos, ofrecemos exclusivamente la financiaci\u00f3n. Cont\u00e1ctanos D\u00e9janos tus datos para comunicarnos lo m\u00e1s pronto. Algunas condiciones de nuestro cr\u00e9dito: Carros usados particulares:1. Modelos 2017 y 2018 hasta el 80%, m&aacute;ximo a 60 meses2. Modelos 2019 a 2024 hasta el 90%, m&aacute;ximo a 72 meses.3. Modelos 2025 y 2026 ... Leer m\u00e1s\" \/>\n<meta property=\"og:url\" content=\"https:\/\/vehigrupo.com\/vitrinavirtual\/usados\/\" \/>\n<meta property=\"og:site_name\" content=\"Vitrina Virtual Vehigrupo\" \/>\n<meta property=\"article:modified_time\" content=\"2026-01-30T20:17:10+00:00\" \/>\n<meta property=\"og:image\" content=\"https:\/\/vehigrupo.com\/vitrinavirtual\/wp-content\/uploads\/2026\/01\/Bono-Regalo-pagina-usados.png\" \/>\n<meta name=\"twitter:card\" content=\"summary_large_image\" \/>\n<meta name=\"twitter:label1\" content=\"Tiempo de lectura\" \/>\n\t<meta name=\"twitter:data1\" content=\"1 minuto\" \/>\n<script type=\"application\/ld+json\" class=\"yoast-schema-graph\">{\"@context\":\"https:\\\/\\\/schema.org\",\"@graph\":[{\"@type\":\"WebPage\",\"@id\":\"https:\\\/\\\/vehigrupo.com\\\/vitrinavirtual\\\/usados\\\/\",\"url\":\"https:\\\/\\\/vehigrupo.com\\\/vitrinavirtual\\\/usados\\\/\",\"name\":\"Financiaci\u00f3n para Veh\u00edculos Usados - Vitrina Virtual Vehigrupo\",\"isPartOf\":{\"@id\":\"https:\\\/\\\/vehigrupo.com\\\/vitrinavirtual\\\/#website\"},\"primaryImageOfPage\":{\"@id\":\"https:\\\/\\\/vehigrupo.com\\\/vitrinavirtual\\\/usados\\\/#primaryimage\"},\"image\":{\"@id\":\"https:\\\/\\\/vehigrupo.com\\\/vitrinavirtual\\\/usados\\\/#primaryimage\"},\"thumbnailUrl\":\"https:\\\/\\\/vehigrupo.com\\\/vitrinavirtual\\\/wp-content\\\/uploads\\\/2026\\\/01\\\/Bono-Regalo-pagina-usados.png\",\"datePublished\":\"2021-06-09T20:26:52+00:00\",\"dateModified\":\"2026-01-30T20:17:10+00:00\",\"breadcrumb\":{\"@id\":\"https:\\\/\\\/vehigrupo.com\\\/vitrinavirtual\\\/usados\\\/#breadcrumb\"},\"inLanguage\":\"es\",\"potentialAction\":[{\"@type\":\"ReadAction\",\"target\":[\"https:\\\/\\\/vehigrupo.com\\\/vitrinavirtual\\\/usados\\\/\"]}]},{\"@type\":\"ImageObject\",\"inLanguage\":\"es\",\"@id\":\"https:\\\/\\\/vehigrupo.com\\\/vitrinavirtual\\\/usados\\\/#primaryimage\",\"url\":\"https:\\\/\\\/vehigrupo.com\\\/vitrinavirtual\\\/wp-content\\\/uploads\\\/2026\\\/01\\\/Bono-Regalo-pagina-usados.png\",\"contentUrl\":\"https:\\\/\\\/vehigrupo.com\\\/vitrinavirtual\\\/wp-content\\\/uploads\\\/2026\\\/01\\\/Bono-Regalo-pagina-usados.png\",\"width\":982,\"height\":401},{\"@type\":\"BreadcrumbList\",\"@id\":\"https:\\\/\\\/vehigrupo.com\\\/vitrinavirtual\\\/usados\\\/#breadcrumb\",\"itemListElement\":[{\"@type\":\"ListItem\",\"position\":1,\"name\":\"Portada\",\"item\":\"https:\\\/\\\/vehigrupo.com\\\/vitrinavirtual\\\/\"},{\"@type\":\"ListItem\",\"position\":2,\"name\":\"Financiaci\u00f3n para Veh\u00edculos Usados\"}]},{\"@type\":\"WebSite\",\"@id\":\"https:\\\/\\\/vehigrupo.com\\\/vitrinavirtual\\\/#website\",\"url\":\"https:\\\/\\\/vehigrupo.com\\\/vitrinavirtual\\\/\",\"name\":\"Vitrina Virtual Vehigrupo\",\"description\":\"Cr\u00e9dito Especializado en Veh\u00edculos y Seguros\",\"publisher\":{\"@id\":\"https:\\\/\\\/vehigrupo.com\\\/vitrinavirtual\\\/#organization\"},\"potentialAction\":[{\"@type\":\"SearchAction\",\"target\":{\"@type\":\"EntryPoint\",\"urlTemplate\":\"https:\\\/\\\/vehigrupo.com\\\/vitrinavirtual\\\/?s={search_term_string}\"},\"query-input\":{\"@type\":\"PropertyValueSpecification\",\"valueRequired\":true,\"valueName\":\"search_term_string\"}}],\"inLanguage\":\"es\"},{\"@type\":\"Organization\",\"@id\":\"https:\\\/\\\/vehigrupo.com\\\/vitrinavirtual\\\/#organization\",\"name\":\"Vitrina Virtual Vehigrupo\",\"url\":\"https:\\\/\\\/vehigrupo.com\\\/vitrinavirtual\\\/\",\"logo\":{\"@type\":\"ImageObject\",\"inLanguage\":\"es\",\"@id\":\"https:\\\/\\\/vehigrupo.com\\\/vitrinavirtual\\\/#\\\/schema\\\/logo\\\/image\\\/\",\"url\":\"https:\\\/\\\/vehigrupo.com\\\/vitrinavirtual\\\/wp-content\\\/uploads\\\/2025\\\/10\\\/cropped-LOGO-VITRINA-ENCABEZADO-2.png\",\"contentUrl\":\"https:\\\/\\\/vehigrupo.com\\\/vitrinavirtual\\\/wp-content\\\/uploads\\\/2025\\\/10\\\/cropped-LOGO-VITRINA-ENCABEZADO-2.png\",\"width\":466,\"height\":73,\"caption\":\"Vitrina Virtual Vehigrupo\"},\"image\":{\"@id\":\"https:\\\/\\\/vehigrupo.com\\\/vitrinavirtual\\\/#\\\/schema\\\/logo\\\/image\\\/\"}}]}<\/script>\n<!-- \/ Yoast SEO plugin. -->","yoast_head_json":{"title":"Financiaci\u00f3n para Veh\u00edculos Usados - Vitrina Virtual Vehigrupo","robots":{"index":"index","follow":"follow","max-snippet":"max-snippet:-1","max-image-preview":"max-image-preview:large","max-video-preview":"max-video-preview:-1"},"canonical":"https:\/\/vehigrupo.com\/vitrinavirtual\/usados\/","og_locale":"es_ES","og_type":"article","og_title":"Financiaci\u00f3n para Veh\u00edculos Usados - Vitrina Virtual Vehigrupo","og_description":"*Vehigrupo no realiza la venta de los veh\u00edculos, ofrecemos exclusivamente la financiaci\u00f3n. Cont\u00e1ctanos D\u00e9janos tus datos para comunicarnos lo m\u00e1s pronto. Algunas condiciones de nuestro cr\u00e9dito: Carros usados particulares:1. Modelos 2017 y 2018 hasta el 80%, m&aacute;ximo a 60 meses2. Modelos 2019 a 2024 hasta el 90%, m&aacute;ximo a 72 meses.3. Modelos 2025 y 2026 ... Leer m\u00e1s","og_url":"https:\/\/vehigrupo.com\/vitrinavirtual\/usados\/","og_site_name":"Vitrina Virtual Vehigrupo","article_modified_time":"2026-01-30T20:17:10+00:00","og_image":[{"url":"https:\/\/vehigrupo.com\/vitrinavirtual\/wp-content\/uploads\/2026\/01\/Bono-Regalo-pagina-usados.png","type":"","width":"","height":""}],"twitter_card":"summary_large_image","twitter_misc":{"Tiempo de lectura":"1 minuto"},"schema":{"@context":"https:\/\/schema.org","@graph":[{"@type":"WebPage","@id":"https:\/\/vehigrupo.com\/vitrinavirtual\/usados\/","url":"https:\/\/vehigrupo.com\/vitrinavirtual\/usados\/","name":"Financiaci\u00f3n para Veh\u00edculos Usados - Vitrina Virtual Vehigrupo","isPartOf":{"@id":"https:\/\/vehigrupo.com\/vitrinavirtual\/#website"},"primaryImageOfPage":{"@id":"https:\/\/vehigrupo.com\/vitrinavirtual\/usados\/#primaryimage"},"image":{"@id":"https:\/\/vehigrupo.com\/vitrinavirtual\/usados\/#primaryimage"},"thumbnailUrl":"https:\/\/vehigrupo.com\/vitrinavirtual\/wp-content\/uploads\/2026\/01\/Bono-Regalo-pagina-usados.png","datePublished":"2021-06-09T20:26:52+00:00","dateModified":"2026-01-30T20:17:10+00:00","breadcrumb":{"@id":"https:\/\/vehigrupo.com\/vitrinavirtual\/usados\/#breadcrumb"},"inLanguage":"es","potentialAction":[{"@type":"ReadAction","target":["https:\/\/vehigrupo.com\/vitrinavirtual\/usados\/"]}]},{"@type":"ImageObject","inLanguage":"es","@id":"https:\/\/vehigrupo.com\/vitrinavirtual\/usados\/#primaryimage","url":"https:\/\/vehigrupo.com\/vitrinavirtual\/wp-content\/uploads\/2026\/01\/Bono-Regalo-pagina-usados.png","contentUrl":"https:\/\/vehigrupo.com\/vitrinavirtual\/wp-content\/uploads\/2026\/01\/Bono-Regalo-pagina-usados.png","width":982,"height":401},{"@type":"BreadcrumbList","@id":"https:\/\/vehigrupo.com\/vitrinavirtual\/usados\/#breadcrumb","itemListElement":[{"@type":"ListItem","position":1,"name":"Portada","item":"https:\/\/vehigrupo.com\/vitrinavirtual\/"},{"@type":"ListItem","position":2,"name":"Financiaci\u00f3n para Veh\u00edculos Usados"}]},{"@type":"WebSite","@id":"https:\/\/vehigrupo.com\/vitrinavirtual\/#website","url":"https:\/\/vehigrupo.com\/vitrinavirtual\/","name":"Vitrina Virtual Vehigrupo","description":"Cr\u00e9dito Especializado en Veh\u00edculos y Seguros","publisher":{"@id":"https:\/\/vehigrupo.com\/vitrinavirtual\/#organization"},"potentialAction":[{"@type":"SearchAction","target":{"@type":"EntryPoint","urlTemplate":"https:\/\/vehigrupo.com\/vitrinavirtual\/?s={search_term_string}"},"query-input":{"@type":"PropertyValueSpecification","valueRequired":true,"valueName":"search_term_string"}}],"inLanguage":"es"},{"@type":"Organization","@id":"https:\/\/vehigrupo.com\/vitrinavirtual\/#organization","name":"Vitrina Virtual Vehigrupo","url":"https:\/\/vehigrupo.com\/vitrinavirtual\/","logo":{"@type":"ImageObject","inLanguage":"es","@id":"https:\/\/vehigrupo.com\/vitrinavirtual\/#\/schema\/logo\/image\/","url":"https:\/\/vehigrupo.com\/vitrinavirtual\/wp-content\/uploads\/2025\/10\/cropped-LOGO-VITRINA-ENCABEZADO-2.png","contentUrl":"https:\/\/vehigrupo.com\/vitrinavirtual\/wp-content\/uploads\/2025\/10\/cropped-LOGO-VITRINA-ENCABEZADO-2.png","width":466,"height":73,"caption":"Vitrina Virtual Vehigrupo"},"image":{"@id":"https:\/\/vehigrupo.com\/vitrinavirtual\/#\/schema\/logo\/image\/"}}]}},"_links":{"self":[{"href":"https:\/\/vehigrupo.com\/vitrinavirtual\/wp-json\/wp\/v2\/pages\/1173","targetHints":{"allow":["GET"]}}],"collection":[{"href":"https:\/\/vehigrupo.com\/vitrinavirtual\/wp-json\/wp\/v2\/pages"}],"about":[{"href":"https:\/\/vehigrupo.com\/vitrinavirtual\/wp-json\/wp\/v2\/types\/page"}],"author":[{"embeddable":true,"href":"https:\/\/vehigrupo.com\/vitrinavirtual\/wp-json\/wp\/v2\/users\/1"}],"replies":[{"embeddable":true,"href":"https:\/\/vehigrupo.com\/vitrinavirtual\/wp-json\/wp\/v2\/comments?post=1173"}],"version-history":[{"count":74,"href":"https:\/\/vehigrupo.com\/vitrinavirtual\/wp-json\/wp\/v2\/pages\/1173\/revisions"}],"predecessor-version":[{"id":3967,"href":"https:\/\/vehigrupo.com\/vitrinavirtual\/wp-json\/wp\/v2\/pages\/1173\/revisions\/3967"}],"wp:attachment":[{"href":"https:\/\/vehigrupo.com\/vitrinavirtual\/wp-json\/wp\/v2\/media?parent=1173"}],"curies":[{"name":"wp","href":"https:\/\/api.w.org\/{rel}","templated":true}]}}